{"id":187,"date":"2019-08-17T13:16:47","date_gmt":"2019-08-17T11:16:47","guid":{"rendered":"https:\/\/jeldwenbrandschutz.digitalwerkstatt.at\/?page_id=187"},"modified":"2019-08-30T13:37:44","modified_gmt":"2019-08-30T11:37:44","slug":"impressum","status":"publish","type":"page","link":"https:\/\/brandschutzverordnung.jeld-wen.ch\/fr\/impressum\/","title":{"rendered":"Impressum"},"content":{"rendered":"<p>JELD-WEN Suisse SA<br \/>\nUsine de portes<br \/>\nLuzernerstrasse 48<br \/>\nCH-5620 Bremgarten<br \/>\nT\u00e9l. : +41 (0)56 648 99 77<br \/>\nFax : +41 (0)56 648 97 01<br \/>\nE-mail : <a href=\"mailto:tueren@jeldwen.com\">tueren@jeldwen.com<\/a><\/p>\n<p>Tribunal comp\u00e9tent : 5620 Bremgarten<br \/>\nNum\u00e9ro de registre du commerce : CH-400.3.027.879-0<br \/>\nNum\u00e9ro de TVA : CHE-113.039.644<\/p>\n","protected":false},"excerpt":{"rendered":"<p>JELD-WEN Suisse SA Usine de portes Luzernerstrasse 48 CH-5620 Bremgarten T\u00e9l. : +41 (0)56 648 99 77 Fax : +41 (0)56 648 97 01 E-mail : tueren@jeldwen.com Tribunal comp\u00e9tent : 5620 Bremgarten Num\u00e9ro de registre du commerce : CH-400.3.027.879-0 Num\u00e9ro de TVA : CHE-113.039.644<\/p>\n","protected":false},"author":1,"featured_media":0,"parent":0,"menu_order":0,"comment_status":"closed","ping_status":"closed","template":"","meta":{"_acf_changed":false,"footnotes":""},"class_list":["post-187","page","type-page","status-publish","hentry"],"acf":[],"_links":{"self":[{"href":"https:\/\/brandschutzverordnung.jeld-wen.ch\/fr\/wp-json\/wp\/v2\/pages\/187","targetHints":{"allow":["GET"]}}],"collection":[{"href":"https:\/\/brandschutzverordnung.jeld-wen.ch\/fr\/wp-json\/wp\/v2\/pages"}],"about":[{"href":"https:\/\/brandschutzverordnung.jeld-wen.ch\/fr\/wp-json\/wp\/v2\/types\/page"}],"author":[{"embeddable":true,"href":"https:\/\/brandschutzverordnung.jeld-wen.ch\/fr\/wp-json\/wp\/v2\/users\/1"}],"replies":[{"embeddable":true,"href":"https:\/\/brandschutzverordnung.jeld-wen.ch\/fr\/wp-json\/wp\/v2\/comments?post=187"}],"version-history":[{"count":3,"href":"https:\/\/brandschutzverordnung.jeld-wen.ch\/fr\/wp-json\/wp\/v2\/pages\/187\/revisions"}],"predecessor-version":[{"id":670,"href":"https:\/\/brandschutzverordnung.jeld-wen.ch\/fr\/wp-json\/wp\/v2\/pages\/187\/revisions\/670"}],"wp:attachment":[{"href":"https:\/\/brandschutzverordnung.jeld-wen.ch\/fr\/wp-json\/wp\/v2\/media?parent=187"}],"curies":[{"name":"wp","href":"https:\/\/api.w.org\/{rel}","templated":true}]}}